{"id":23,"date":"2016-02-12T08:12:49","date_gmt":"2016-02-12T08:12:49","guid":{"rendered":"http:\/\/demos.famethemes.com\/onepress\/?page_id=23"},"modified":"2022-10-11T20:32:20","modified_gmt":"2022-10-11T20:32:20","slug":"service-title-1","status":"publish","type":"page","link":"https:\/\/florespracownia.pl\/index.php\/service-title-1\/","title":{"rendered":"Polityka Cookies"},"content":{"rendered":"<p align=\"center\">\n<ol start=\"1\">\n<li>Serwis nie zbiera w spos\u00f3b automatyczny \u017cadnych informacji, z wyj\u0105tkiem informacji zawartych w plikach cookies.<\/li>\n<li>Pliki cookies (tzw. \u201eciasteczka\u201d) stanowi\u0105 dane informatyczne, w szczeg\u00f3lno\u015bci pliki tekstowe, kt\u00f3re przechowywane s\u0105 w urz\u0105dzeniu ko\u0144cowym U\u017cytkownika Serwisu i przeznaczone s\u0105 do korzystania ze stron internetowych Serwisu. Cookies zazwyczaj zawieraj\u0105 nazw\u0119 strony internetowej, z kt\u00f3rej pochodz\u0105, czas przechowywania ich na urz\u0105dzeniu ko\u0144cowym oraz unikalny numer.<\/li>\n<li>Podmiotem zamieszczaj\u0105cym na urz\u0105dzeniu ko\u0144cowym U\u017cytkownika Serwisu pliki cookies oraz uzyskuj\u0105cym do nich dost\u0119p jest operator Serwisu FLORES PRACOWNIA KATARZYNA MACIEJEWSKA z siedzib\u0105 pod adresem ul. Bukowa 27, 62-303 Bierzglinek.<\/li>\n<li>Pliki cookies wykorzystywane s\u0105 w celu:<\/li>\n<\/ol>\n<p>a)\u00a0\u00a0\u00a0\u00a0\u00a0 dostosowania zawarto\u015bci stron internetowych Serwisu do preferencji U\u017cytkownika oraz optymalizacji korzystania ze stron internetowych; w szczeg\u00f3lno\u015bci pliki te pozwalaj\u0105 rozpozna\u0107 urz\u0105dzenie U\u017cytkownika Serwisu i odpowiednio wy\u015bwietli\u0107 stron\u0119 internetow\u0105, dostosowan\u0105 do jego indywidualnych potrzeb;<\/p>\n<p>b)\u00a0\u00a0\u00a0\u00a0\u00a0 tworzenia statystyk, kt\u00f3re pomagaj\u0105 zrozumie\u0107, w jaki spos\u00f3b U\u017cytkownicy Serwisu korzystaj\u0105 ze stron internetowych, co umo\u017cliwia ulepszanie ich struktury i zawarto\u015bci;<\/p>\n<ol start=\"5\">\n<li>W ramach Serwisu stosowane s\u0105 dwa zasadnicze rodzaje plik\u00f3w cookies: \u201esesyjne\u201d \u00a0(<i>session cookies<\/i>) oraz \u201esta\u0142e\u201d (<i>persistent cookies<\/i>). Cookies \u201esesyjne\u201d s\u0105 plikami tymczasowymi, kt\u00f3re przechowywane s\u0105 w urz\u0105dzeniu ko\u0144cowym U\u017cytkownika do czasu wylogowania, opuszczenia strony internetowej lub wy\u0142\u0105czenia oprogramowania (przegl\u0105darki internetowej). \u201eSta\u0142e\u201d pliki cookies przechowywane s\u0105 w urz\u0105dzeniu ko\u0144cowym U\u017cytkownika przez czas okre\u015blony w parametrach plik\u00f3w cookies lub do czasu ich usuni\u0119cia przez U\u017cytkownika.<\/li>\n<li>W ramach Serwisu stosowane s\u0105 nast\u0119puj\u0105ce rodzaje plik\u00f3w cookies:<\/li>\n<\/ol>\n<p>a)\u00a0\u00a0\u00a0\u00a0\u00a0 \u201eniezb\u0119dne\u201d pliki cookies, umo\u017cliwiaj\u0105ce korzystanie z us\u0142ug dost\u0119pnych w ramach Serwisu, np. uwierzytelniaj\u0105ce pliki cookies wykorzystywane do us\u0142ug wymagaj\u0105cych uwierzytelniania w ramach Serwisu;<\/p>\n<p>b)\u00a0\u00a0\u00a0\u00a0\u00a0 pliki cookies s\u0142u\u017c\u0105ce do zapewnienia bezpiecze\u0144stwa, np. wykorzystywane do wykrywania nadu\u017cy\u0107 w zakresie uwierzytelniania w ramach Serwisu;<\/p>\n<p>c)\u00a0\u00a0\u00a0\u00a0\u00a0\u00a0 \u201ewydajno\u015bciowe\u201d pliki cookies, umo\u017cliwiaj\u0105ce zbieranie informacji o sposobie korzystania ze stron internetowych Serwisu;<\/p>\n<ol start=\"7\">\n<li>W wielu przypadkach oprogramowanie s\u0142u\u017c\u0105ce do przegl\u0105dania stron internetowych (przegl\u0105darka internetowa) domy\u015blnie dopuszcza przechowywanie plik\u00f3w cookies w urz\u0105dzeniu ko\u0144cowym U\u017cytkownika. U\u017cytkownicy Serwisu mog\u0105 dokona\u0107 w ka\u017cdym czasie zmiany ustawie\u0144 dotycz\u0105cych plik\u00f3w cookies. Ustawienia te mog\u0105 zosta\u0107 zmienione w szczeg\u00f3lno\u015bci w taki spos\u00f3b, aby blokowa\u0107 automatyczn\u0105 obs\u0142ug\u0119 plik\u00f3w cookies w ustawieniach przegl\u0105darki internetowej b\u0105d\u017a informowa\u0107 o ich ka\u017cdorazowym zamieszczeniu w urz\u0105dzeniu U\u017cytkownika Serwisu. Szczeg\u00f3\u0142owe informacje o mo\u017cliwo\u015bci i sposobach obs\u0142ugi plik\u00f3w cookies dost\u0119pne s\u0105 w ustawieniach oprogramowania (przegl\u0105darki internetowej).<\/li>\n<li>Operator Serwisu informuje, \u017ce ograniczenia stosowania plik\u00f3w cookies mog\u0105 wp\u0142yn\u0105\u0107 na niekt\u00f3re funkcjonalno\u015bci dost\u0119pne na stronach internetowych Serwisu.<\/li>\n<li>Pliki cookies zamieszczane w urz\u0105dzeniu ko\u0144cowym U\u017cytkownika Serwisu i wykorzystywane mog\u0105 by\u0107 r\u00f3wnie\u017c przez wsp\u00f3\u0142pracuj\u0105cych z operatorem Serwisu reklamodawc\u00f3w oraz partner\u00f3w.<\/li>\n<li>Wi\u0119cej informacji na temat plik\u00f3w cookies dost\u0119pnych jest w sekcji \u201ePomoc\u201d w menu przegl\u0105darki internetowej.<\/li>\n<\/ol>\n<p>Poni\u017cszy wz\u00f3r polityki cookies chroniony jest prawem autorskim, kt\u00f3re przys\u0142uguj\u0105 IAB Polska. \u0179r\u00f3d\u0142o informacji: \u00a0http:\/\/wszystkoociasteczkach.pl\/.<\/p>\n","protected":false},"excerpt":{"rendered":"<p>Morbi in sem quis dui placerat ornare. Pellentesque odio nisi euismod in pharetra a ultricies.<\/p>\n","protected":false},"author":2,"featured_media":0,"parent":0,"menu_order":0,"comment_status":"closed","ping_status":"closed","template":"","meta":{"footnotes":""},"class_list":["post-23","page","type-page","status-publish","hentry"],"yoast_head":"<!-- This site is optimized with the Yoast SEO plugin v20.3 - https:\/\/yoast.com\/wordpress\/plugins\/seo\/ -->\n<title>Polityka Cookies - Flores Pracownia Kwiaciarnia Wrze\u015bnia i Bierzglinek<\/title>\n<meta name=\"robots\" content=\"index, follow, max-snippet:-1, max-image-preview:large, max-video-preview:-1\" \/>\n<link rel=\"canonical\" href=\"https:\/\/florespracownia.pl\/index.php\/service-title-1\/\" \/>\n<meta property=\"og:locale\" content=\"pl_PL\" \/>\n<meta property=\"og:type\" content=\"article\" \/>\n<meta property=\"og:title\" content=\"Polityka Cookies - Flores Pracownia Kwiaciarnia Wrze\u015bnia i Bierzglinek\" \/>\n<meta property=\"og:description\" content=\"Morbi in sem quis dui placerat ornare. Pellentesque odio nisi euismod in pharetra a ultricies.\" \/>\n<meta property=\"og:url\" content=\"https:\/\/florespracownia.pl\/index.php\/service-title-1\/\" \/>\n<meta property=\"og:site_name\" content=\"Flores Pracownia Kwiaciarnia Wrze\u015bnia i Bierzglinek\" \/>\n<meta property=\"article:publisher\" content=\"https:\/\/www.facebook.com\/Flores-Pracownia-Bierzglinek-102552915718377\" \/>\n<meta property=\"article:modified_time\" content=\"2022-10-11T20:32:20+00:00\" \/>\n<meta name=\"twitter:card\" content=\"summary_large_image\" \/>\n<meta name=\"twitter:label1\" content=\"Szacowany czas czytania\" \/>\n\t<meta name=\"twitter:data1\" content=\"3 minuty\" \/>\n<script type=\"application\/ld+json\" class=\"yoast-schema-graph\">{\"@context\":\"https:\/\/schema.org\",\"@graph\":[{\"@type\":\"WebPage\",\"@id\":\"https:\/\/florespracownia.pl\/index.php\/service-title-1\/\",\"url\":\"https:\/\/florespracownia.pl\/index.php\/service-title-1\/\",\"name\":\"Polityka Cookies - Flores Pracownia Kwiaciarnia Wrze\u015bnia i Bierzglinek\",\"isPartOf\":{\"@id\":\"https:\/\/florespracownia.pl\/#website\"},\"datePublished\":\"2016-02-12T08:12:49+00:00\",\"dateModified\":\"2022-10-11T20:32:20+00:00\",\"breadcrumb\":{\"@id\":\"https:\/\/florespracownia.pl\/index.php\/service-title-1\/#breadcrumb\"},\"inLanguage\":\"pl-PL\",\"potentialAction\":[{\"@type\":\"ReadAction\",\"target\":[\"https:\/\/florespracownia.pl\/index.php\/service-title-1\/\"]}]},{\"@type\":\"BreadcrumbList\",\"@id\":\"https:\/\/florespracownia.pl\/index.php\/service-title-1\/#breadcrumb\",\"itemListElement\":[{\"@type\":\"ListItem\",\"position\":1,\"name\":\"Strona\",\"item\":\"https:\/\/florespracownia.pl\/\"},{\"@type\":\"ListItem\",\"position\":2,\"name\":\"Polityka Cookies\"}]},{\"@type\":\"WebSite\",\"@id\":\"https:\/\/florespracownia.pl\/#website\",\"url\":\"https:\/\/florespracownia.pl\/\",\"name\":\"Flores Pracownia Kwiaciarnia Wrze\u015bnia i Bierzglinek\",\"description\":\"Pi\u0119kne kwiaty na najwa\u017cniejsze okazje dla Ciebie!\",\"publisher\":{\"@id\":\"https:\/\/florespracownia.pl\/#organization\"},\"potentialAction\":[{\"@type\":\"SearchAction\",\"target\":{\"@type\":\"EntryPoint\",\"urlTemplate\":\"https:\/\/florespracownia.pl\/?s={search_term_string}\"},\"query-input\":\"required name=search_term_string\"}],\"inLanguage\":\"pl-PL\"},{\"@type\":\"Organization\",\"@id\":\"https:\/\/florespracownia.pl\/#organization\",\"name\":\"Flores Pracownia Kwiaciarnia Wrze\u015bnia i Bierzglinek\",\"url\":\"https:\/\/florespracownia.pl\/\",\"logo\":{\"@type\":\"ImageObject\",\"inLanguage\":\"pl-PL\",\"@id\":\"https:\/\/florespracownia.pl\/#\/schema\/logo\/image\/\",\"url\":\"https:\/\/florespracownia.pl\/wp-content\/uploads\/2022\/09\/nowe_logo-small.png\",\"contentUrl\":\"https:\/\/florespracownia.pl\/wp-content\/uploads\/2022\/09\/nowe_logo-small.png\",\"width\":400,\"height\":123,\"caption\":\"Flores Pracownia Kwiaciarnia Wrze\u015bnia i Bierzglinek\"},\"image\":{\"@id\":\"https:\/\/florespracownia.pl\/#\/schema\/logo\/image\/\"},\"sameAs\":[\"https:\/\/www.facebook.com\/Flores-Pracownia-Bierzglinek-102552915718377\",\"https:\/\/www.instagram.com\/flores.pracownia\/\"]}]}<\/script>\n<!-- \/ Yoast SEO plugin. -->","yoast_head_json":{"title":"Polityka Cookies - Flores Pracownia Kwiaciarnia Wrze\u015bnia i Bierzglinek","robots":{"index":"index","follow":"follow","max-snippet":"max-snippet:-1","max-image-preview":"max-image-preview:large","max-video-preview":"max-video-preview:-1"},"canonical":"https:\/\/florespracownia.pl\/index.php\/service-title-1\/","og_locale":"pl_PL","og_type":"article","og_title":"Polityka Cookies - Flores Pracownia Kwiaciarnia Wrze\u015bnia i Bierzglinek","og_description":"Morbi in sem quis dui placerat ornare. Pellentesque odio nisi euismod in pharetra a ultricies.","og_url":"https:\/\/florespracownia.pl\/index.php\/service-title-1\/","og_site_name":"Flores Pracownia Kwiaciarnia Wrze\u015bnia i Bierzglinek","article_publisher":"https:\/\/www.facebook.com\/Flores-Pracownia-Bierzglinek-102552915718377","article_modified_time":"2022-10-11T20:32:20+00:00","twitter_card":"summary_large_image","twitter_misc":{"Szacowany czas czytania":"3 minuty"},"schema":{"@context":"https:\/\/schema.org","@graph":[{"@type":"WebPage","@id":"https:\/\/florespracownia.pl\/index.php\/service-title-1\/","url":"https:\/\/florespracownia.pl\/index.php\/service-title-1\/","name":"Polityka Cookies - Flores Pracownia Kwiaciarnia Wrze\u015bnia i Bierzglinek","isPartOf":{"@id":"https:\/\/florespracownia.pl\/#website"},"datePublished":"2016-02-12T08:12:49+00:00","dateModified":"2022-10-11T20:32:20+00:00","breadcrumb":{"@id":"https:\/\/florespracownia.pl\/index.php\/service-title-1\/#breadcrumb"},"inLanguage":"pl-PL","potentialAction":[{"@type":"ReadAction","target":["https:\/\/florespracownia.pl\/index.php\/service-title-1\/"]}]},{"@type":"BreadcrumbList","@id":"https:\/\/florespracownia.pl\/index.php\/service-title-1\/#breadcrumb","itemListElement":[{"@type":"ListItem","position":1,"name":"Strona","item":"https:\/\/florespracownia.pl\/"},{"@type":"ListItem","position":2,"name":"Polityka Cookies"}]},{"@type":"WebSite","@id":"https:\/\/florespracownia.pl\/#website","url":"https:\/\/florespracownia.pl\/","name":"Flores Pracownia Kwiaciarnia Wrze\u015bnia i Bierzglinek","description":"Pi\u0119kne kwiaty na najwa\u017cniejsze okazje dla Ciebie!","publisher":{"@id":"https:\/\/florespracownia.pl\/#organization"},"potentialAction":[{"@type":"SearchAction","target":{"@type":"EntryPoint","urlTemplate":"https:\/\/florespracownia.pl\/?s={search_term_string}"},"query-input":"required name=search_term_string"}],"inLanguage":"pl-PL"},{"@type":"Organization","@id":"https:\/\/florespracownia.pl\/#organization","name":"Flores Pracownia Kwiaciarnia Wrze\u015bnia i Bierzglinek","url":"https:\/\/florespracownia.pl\/","logo":{"@type":"ImageObject","inLanguage":"pl-PL","@id":"https:\/\/florespracownia.pl\/#\/schema\/logo\/image\/","url":"https:\/\/florespracownia.pl\/wp-content\/uploads\/2022\/09\/nowe_logo-small.png","contentUrl":"https:\/\/florespracownia.pl\/wp-content\/uploads\/2022\/09\/nowe_logo-small.png","width":400,"height":123,"caption":"Flores Pracownia Kwiaciarnia Wrze\u015bnia i Bierzglinek"},"image":{"@id":"https:\/\/florespracownia.pl\/#\/schema\/logo\/image\/"},"sameAs":["https:\/\/www.facebook.com\/Flores-Pracownia-Bierzglinek-102552915718377","https:\/\/www.instagram.com\/flores.pracownia\/"]}]}},"_links":{"self":[{"href":"https:\/\/florespracownia.pl\/index.php\/wp-json\/wp\/v2\/pages\/23","targetHints":{"allow":["GET"]}}],"collection":[{"href":"https:\/\/florespracownia.pl\/index.php\/wp-json\/wp\/v2\/pages"}],"about":[{"href":"https:\/\/florespracownia.pl\/index.php\/wp-json\/wp\/v2\/types\/page"}],"author":[{"embeddable":true,"href":"https:\/\/florespracownia.pl\/index.php\/wp-json\/wp\/v2\/users\/2"}],"replies":[{"embeddable":true,"href":"https:\/\/florespracownia.pl\/index.php\/wp-json\/wp\/v2\/comments?post=23"}],"version-history":[{"count":3,"href":"https:\/\/florespracownia.pl\/index.php\/wp-json\/wp\/v2\/pages\/23\/revisions"}],"predecessor-version":[{"id":1708,"href":"https:\/\/florespracownia.pl\/index.php\/wp-json\/wp\/v2\/pages\/23\/revisions\/1708"}],"wp:attachment":[{"href":"https:\/\/florespracownia.pl\/index.php\/wp-json\/wp\/v2\/media?parent=23"}],"curies":[{"name":"wp","href":"https:\/\/api.w.org\/{rel}","templated":true}]}}